{"id":54,"date":"2022-10-07T19:52:22","date_gmt":"2022-10-07T19:52:22","guid":{"rendered":"https:\/\/www.wilchinger-handel.ch\/?page_id=54"},"modified":"2024-11-29T12:09:56","modified_gmt":"2024-11-29T12:09:56","slug":"2025-2","status":"publish","type":"page","link":"https:\/\/www.wilchinger-handel.ch\/?page_id=54","title":{"rendered":"Geschichte"},"content":{"rendered":"\n<div class=\"wp-block-columns is-layout-flex wp-container-core-columns-is-layout-9d6595d7 wp-block-columns-is-layout-flex\">\n<div class=\"wp-block-column is-layout-flow wp-block-column-is-layout-flow\">\n<p id=\"block-882f0197-1f68-47ae-b935-3ffcf20ce674\" style=\"font-size:15px\">Der \u00abWilchinger Handel\u00bb, das grosse Drama in der Geschichte des Dorfes Wilchingen, ereignete sich zwischen den Jahren 1712 und 1732 und handelt von einer Auseinandersetzung zwischen Obrigkeit und Untertanen. <br>Zur Vereinheitlichung und Straffung der Verwaltung, entzog die Regierung des Stadtstaates Schaffhausen den Untertanen-Gemeinden althergebrachte Sonderrechte und Freiheiten. Besonders empfindlich reagierten die Wilchinger, denn sie beanspruchten eine Ausnahmestellung unter den Schaffhauser Landgemeinden.<\/p>\n<\/div>\n\n\n\n<div class=\"wp-block-column is-layout-flow wp-block-column-is-layout-flow\">\n<figure class=\"wp-block-video\"><video height=\"720\" style=\"aspect-ratio: 1280 \/ 720;\" width=\"1280\" autoplay loop muted src=\"https:\/\/www.wilchinger-handel.ch\/wp-content\/uploads\/2024\/04\/Unbenanntes-Video-\u2013-Mit-Clipchamp-erstellt-2.mp4\"><\/video><\/figure>\n<\/div>\n<\/div>\n\n\n\n<p id=\"block-882f0197-1f68-47ae-b935-3ffcf20ce674\" style=\"font-size:15px\">Das Pulverfass explodierte, als der Rat von Schaffhausen der Witwe Ursula Gysel (\u00abStubenurschel\u00bb) das Tavernenrecht im \u00abEngel\u00bb erteilte. Wer das Tavernenrecht besass, durfte warmes Essen servieren. Gem\u00e4ss dem Spitalerbrief stand es den Wilchingern zu, ein Tavernenrecht zu erteilen oder zu entziehen. Jedenfalls f\u00fchlten sich die Wilchinger in ihrem Rechtsempfinden verletzt. Die Obrigkeit schaffte mit dem \u00abEngel\u00bb eine Konkurrenz zur Wirtschaft im \u00abGemeindehaus\u00bb und schm\u00e4lerte damit die Einnahmen des Dorfes. <br>Die t\u00fcchtige \u00abStubenurschel\u00bb, die vor dem Tod ihres Mannes Wirtin im Gemeindehaus war, hatte jahrelang f\u00fcr das Tavernenrecht gek\u00e4mpft, ehe sie im Jahre 1717 gegen die Bezahlung von 200 Gulden und eine j\u00e4hrliche Abgabe an das Spital die Bewilligung erhielt, eine Taverne zu f\u00fchren. Dieses Recht sollte durch das Aush\u00e4ngen eines Wirtshausschildes, in unserer Mundart eine \u00abTaf\u00e4\u00e4re\u00bb genannt, angezeigt werden. Die Wilchinger Bev\u00f6lkerung hinderte den Landvogt, die Tavernentafel am \u00abEngel&#187; anzubringen. <br><br>Das Schauspiel wurde die Geschichte bereits im Jahre 1863 auf dem Gemeindehausplatz aufgef\u00fchrt. Die Geschichte war f\u00fcr die Dichterin Ruth Blum der Stoff f\u00fcr ein B\u00fchnenst\u00fcck, das am Kant. S\u00e4ngerfest 1968, in einem Festzelt zur Auff\u00fchrung gelangte.<\/p>\n\n\n\n<p style=\"font-size:15px\">Unser Mitb\u00fcrger, Alfred Hedinger (1932 \u2013 2022), hat in einer gewaltigen Arbeit die damalige Zeitepoche recherchiert und dar\u00fcber eine 340-seitige Dokumentation erstellt, welche umfassende Einblicke in das Leben, die Br\u00e4uche, Herrschaftsanspr\u00fcche und politischen Verh\u00e4ltnisse anfangs des 18. Jahrhunderts erlaubt.<\/p>\n\n\n\n<p style=\"font-size:15px\">Die Autorin, Virginia Stoll, hat aus dieser Zeit, die dramatischsten Jahre von 1717 &#8211; 1729 herausgenommen und einem Freilichtspiel verarbeitet. Dieses wurde zum ersten Mal im Jahr 2005 aufgef\u00fchrt.<\/p>\n\n\n\n<p class=\"has-accent-color has-text-color has-link-color wp-elements-52687d0db9d16406987df0fbdf28b3ff\" style=\"font-size:15px\"><a href=\"https:\/\/www.wilchinger-handel.ch\/wp-content\/uploads\/2024\/11\/ausfuehrliche_Zusammenfassung_Geschichte-Wilchinger-Handel.pdf\" data-type=\"link\" data-id=\"https:\/\/www.wilchinger-handel.ch\/wp-content\/uploads\/2024\/11\/ausfuehrliche_Zusammenfassung_Geschichte-Wilchinger-Handel.pdf\">Gesamte Zusammenfassung lesen<\/a><\/p>\n\n\n\n<p><\/p>\n","protected":false},"excerpt":{"rendered":"<p>Der \u00abWilchinger Handel\u00bb, das grosse Drama in der Geschichte des Dorfes Wilchingen, ereignete sich zwischen den Jahren 1712 und 1732 und handelt von einer Auseinandersetzung zwischen Obrigkeit und Untertanen. Zur Vereinheitlichung und Straffung der Verwaltung, entzog die Regierung des Stadtstaates Schaffhausen den Untertanen-Gemeinden althergebrachte Sonderrechte und Freiheiten. Besonders empfindlich reagierten die Wilchinger, denn sie beanspruchten &#8230; <a title=\"Geschichte\" class=\"read-more\" href=\"https:\/\/www.wilchinger-handel.ch\/?page_id=54\" aria-label=\"Read more about Geschichte\">Read more<\/a><\/p>\n","protected":false},"author":1,"featured_media":0,"parent":0,"menu_order":0,"comment_status":"closed","ping_status":"closed","template":"","meta":{"footnotes":""},"class_list":["post-54","page","type-page","status-publish"],"jetpack_sharing_enabled":true,"_links":{"self":[{"href":"https:\/\/www.wilchinger-handel.ch\/index.php?rest_route=\/wp\/v2\/pages\/54","targetHints":{"allow":["GET"]}}],"collection":[{"href":"https:\/\/www.wilchinger-handel.ch\/index.php?rest_route=\/wp\/v2\/pages"}],"about":[{"href":"https:\/\/www.wilchinger-handel.ch\/index.php?rest_route=\/wp\/v2\/types\/page"}],"author":[{"embeddable":true,"href":"https:\/\/www.wilchinger-handel.ch\/index.php?rest_route=\/wp\/v2\/users\/1"}],"replies":[{"embeddable":true,"href":"https:\/\/www.wilchinger-handel.ch\/index.php?rest_route=%2Fwp%2Fv2%2Fcomments&post=54"}],"version-history":[{"count":29,"href":"https:\/\/www.wilchinger-handel.ch\/index.php?rest_route=\/wp\/v2\/pages\/54\/revisions"}],"predecessor-version":[{"id":876,"href":"https:\/\/www.wilchinger-handel.ch\/index.php?rest_route=\/wp\/v2\/pages\/54\/revisions\/876"}],"wp:attachment":[{"href":"https:\/\/www.wilchinger-handel.ch\/index.php?rest_route=%2Fwp%2Fv2%2Fmedia&parent=54"}],"curies":[{"name":"wp","href":"https:\/\/api.w.org\/{rel}","templated":true}]}}