{"id":519,"date":"2024-07-15T16:00:27","date_gmt":"2024-07-15T16:00:27","guid":{"rendered":"https:\/\/www.wilchinger-handel.ch\/?page_id=519"},"modified":"2025-08-19T10:16:33","modified_gmt":"2025-08-19T10:16:33","slug":"helfer","status":"publish","type":"page","link":"https:\/\/www.wilchinger-handel.ch\/?page_id=519","title":{"rendered":"Helfer"},"content":{"rendered":"\n<div class=\"wp-block-columns alignwide has-base-3-background-color has-background is-layout-flex wp-container-core-columns-is-layout-9d6595d7 wp-block-columns-is-layout-flex\">\n<div class=\"wp-block-column has-small-font-size is-layout-flow wp-block-column-is-layout-flow\" style=\"flex-basis:80%\">\n<p style=\"font-size:15px\">Bald ist der Wilchinger Handel wieder Geschichte! Wir m\u00f6chten uns bereits jetzt bei allen HelferInnen herzlich bedanken, ohne euch w\u00e4re das Freilichtspiel nicht m\u00f6glich!<\/p>\n\n\n\n<p style=\"font-size:15px\">Damit der Abbau ebenfalls gut gelingt, sind wir weiter auf eure Hilfe angewiesen. Wer Lust und Zeit hat, kann sich gerne unter folgendem Link zum Helfereinsatz melden. <br>Zum Dank laden wir euch zum Helferfest ein! <\/p>\n\n\n\n<div class=\"wp-block-buttons is-content-justification-center is-layout-flex wp-container-core-buttons-is-layout-16018d1d wp-block-buttons-is-layout-flex\">\n<div class=\"wp-block-button\"><a class=\"wp-block-button__link has-text-align-center wp-element-button\" href=\"https:\/\/portal.helfereinsatz.ch\/wilchingerhandel-2025\/de\/browse\/open\" style=\"border-radius:0px\">Melde dich hier f\u00fcr deinen <br>Helfereinsatz<\/a><\/div>\n<\/div>\n<\/div>\n\n\n\n<div class=\"wp-block-column is-layout-flow wp-block-column-is-layout-flow\" style=\"flex-basis:33.33%\">\n<p class=\"has-text-align-right has-contrast-color has-text-color has-small-font-size\" style=\"font-style:italic;font-weight:300;line-height:0.8;text-transform:none\"><\/p>\n\n\n\n<p class=\"has-text-align-right has-accent-color has-text-color has-link-color has-large-font-size wp-elements-7e6ea14b30a0f95c5928b0e46be748ec\" style=\"font-style:italic;font-weight:700\"><strong>Wir suchen:<\/strong><br>Dich!<\/p>\n<\/div>\n<\/div>\n","protected":false},"excerpt":{"rendered":"","protected":false},"author":1,"featured_media":0,"parent":0,"menu_order":0,"comment_status":"closed","ping_status":"closed","template":"","meta":{"footnotes":""},"class_list":["post-519","page","type-page","status-publish"],"jetpack_sharing_enabled":true,"_links":{"self":[{"href":"https:\/\/www.wilchinger-handel.ch\/index.php?rest_route=\/wp\/v2\/pages\/519","targetHints":{"allow":["GET"]}}],"collection":[{"href":"https:\/\/www.wilchinger-handel.ch\/index.php?rest_route=\/wp\/v2\/pages"}],"about":[{"href":"https:\/\/www.wilchinger-handel.ch\/index.php?rest_route=\/wp\/v2\/types\/page"}],"author":[{"embeddable":true,"href":"https:\/\/www.wilchinger-handel.ch\/index.php?rest_route=\/wp\/v2\/users\/1"}],"replies":[{"embeddable":true,"href":"https:\/\/www.wilchinger-handel.ch\/index.php?rest_route=%2Fwp%2Fv2%2Fcomments&post=519"}],"version-history":[{"count":23,"href":"https:\/\/www.wilchinger-handel.ch\/index.php?rest_route=\/wp\/v2\/pages\/519\/revisions"}],"predecessor-version":[{"id":1460,"href":"https:\/\/www.wilchinger-handel.ch\/index.php?rest_route=\/wp\/v2\/pages\/519\/revisions\/1460"}],"wp:attachment":[{"href":"https:\/\/www.wilchinger-handel.ch\/index.php?rest_route=%2Fwp%2Fv2%2Fmedia&parent=519"}],"curies":[{"name":"wp","href":"https:\/\/api.w.org\/{rel}","templated":true}]}}